
{"id":191,"date":"2016-12-08T12:28:12","date_gmt":"2016-12-08T12:28:12","guid":{"rendered":"https:\/\/salonfunerairelongueuil.com\/?page_id=191"},"modified":"2024-06-03T06:26:25","modified_gmt":"2024-06-03T06:26:25","slug":"packages","status":"publish","type":"page","link":"https:\/\/salonfunerairelongueuil.com\/en\/packages\/","title":{"rendered":"Packages"},"content":{"rendered":"<div class=\"page_wrapper\">\n<div class=\"container\">\n<h2>Services fun\u00e9raires aux meilleurs prix sans frais cach\u00e9.<\/h2>\n<div class=\"row\">\n<div class=\"col-md-3 col-sm-6\">\n<div class=\"price-box\">\n<h5>Incin\u00e9ration imm\u00e9diate (cr\u00e9mation)<\/h5>\n<h6>865 $\u00a0+ taxes<\/h6>\n<div>Transport du d\u00e9funt(e) (50 km), incin\u00e9ration (cr\u00e9mation), contenant de cr\u00e9mation, urne de base, preuve de d\u00e9c\u00e8s, documents administratifs, remise des cendres \u00e0 la famille.<\/div>\n<p><a href=\"https:\/\/salonfunerairelongueuil.com\/contact\">Contact Us<\/a><\/p>\n<\/div>\n<\/div>\n<div class=\"col-md-3 col-sm-6\">\n<div class=\"price-box\">\n<h5>Direction de fun\u00e9railles, \u00e0 l&#8217;\u00e9glise de votre choix en pr\u00e9sence des cendres<\/h5>\n<h6>1 175 $\u00a0+ taxes<\/h6>\n<div>Tranport du d\u00e9funt(e) (50 km), incin\u00e9ration (cr\u00e9mation), contenant de cr\u00e9mation, urne de base, r\u00e9servation de l&#8217;\u00e9glise et cimeti\u00e8re, direction des fun\u00e9railles, preuve de d\u00e9c\u00e8s, documents administratifs.<\/div>\n<p><a href=\"https:\/\/salonfunerairelongueuil.com\/contact\">Contact Us<\/a><\/p>\n<\/div>\n<\/div>\n<div class=\"col-md-3 col-sm-6\">\n<div class=\"price-box\">\n<h5>Traditional Cremation<\/h5>\n<h6>$6595<\/h6>\n<div>Services of Director &amp; Staf Initial Transfer of Deceased Embalming Service Cremation Process Dressing &amp; Cosmetizing Cremation Process Flower Transportation Private Family Goodbye Courier Car for Records Family Goodbye Container Choice of 23 Urns<\/div>\n<p><a href=\"https:\/\/salonfunerairelongueuil.com\/contact\">Contact Us<\/a><\/p>\n<\/div>\n<\/div>\n<div class=\"col-md-3 col-sm-6\">\n<div class=\"price-box\">\n<h5>Deluxe Cremation<\/h5>\n<h6>$7595<\/h6>\n<div>Services of Director &amp; Staf Initial Transfer of Deceased Embalming Service Cremation Process Dressing &amp; Cosmetizing Flower Transportation Hearse for Casket Cremation Process Private Family Goodbye Courier Car for Records Family Goodbye Container Choice of 32 Urns<\/div>\n<p><a href=\"https:\/\/salonfunerairelongueuil.com\/contact\">Contact Us<\/a><\/p>\n<\/div>\n<\/div>\n<\/div>\n<div class=\"row\"><\/div>\n<\/div>\n<\/div>\n","protected":false},"excerpt":{"rendered":"<p>Services fun\u00e9raires aux meilleurs prix sans frais cach\u00e9. Incin\u00e9ration imm\u00e9diate (cr\u00e9mation) 865 $\u00a0+ taxes Transport du d\u00e9funt(e) (50 km), incin\u00e9ration (cr\u00e9mation), contenant de cr\u00e9mation, urne de base, preuve de d\u00e9c\u00e8s, documents administratifs, remise des cendres \u00e0 la famille. Contact Us Direction de fun\u00e9railles, \u00e0 l&#8217;\u00e9glise de votre choix en pr\u00e9sence des cendres 1 175 $\u00a0+ [&hellip;]<\/p>\n","protected":false},"author":10,"featured_media":0,"parent":0,"menu_order":0,"comment_status":"closed","ping_status":"closed","template":"Packages-template.php","meta":{"_acf_changed":false,"footnotes":""},"class_list":["post-191","page","type-page","status-publish","hentry"],"acf":[],"yoast_head":"<!-- This site is optimized with the Yoast SEO plugin v25.6 - https:\/\/yoast.com\/wordpress\/plugins\/seo\/ -->\n<title>Packages - SALON FUN\u00c9RAIRE LAJEUNESSE FORTIN CENAC<\/title>\n<meta name=\"robots\" content=\"index, follow, max-snippet:-1, max-image-preview:large, max-video-preview:-1\" \/>\n<link rel=\"canonical\" href=\"https:\/\/salonfunerairelongueuil.com\/en\/packages\/\" \/>\n<meta property=\"og:locale\" content=\"en_US\" \/>\n<meta property=\"og:type\" content=\"article\" \/>\n<meta property=\"og:title\" content=\"Packages - SALON FUN\u00c9RAIRE LAJEUNESSE FORTIN CENAC\" \/>\n<meta property=\"og:description\" content=\"Services fun\u00e9raires aux meilleurs prix sans frais cach\u00e9. Incin\u00e9ration imm\u00e9diate (cr\u00e9mation) 865 $\u00a0+ taxes Transport du d\u00e9funt(e) (50 km), incin\u00e9ration (cr\u00e9mation), contenant de cr\u00e9mation, urne de base, preuve de d\u00e9c\u00e8s, documents administratifs, remise des cendres \u00e0 la famille. Contact Us Direction de fun\u00e9railles, \u00e0 l&#8217;\u00e9glise de votre choix en pr\u00e9sence des cendres 1 175 $\u00a0+ [&hellip;]\" \/>\n<meta property=\"og:url\" content=\"https:\/\/salonfunerairelongueuil.com\/en\/packages\/\" \/>\n<meta property=\"og:site_name\" content=\"SALON FUN\u00c9RAIRE LAJEUNESSE FORTIN CENAC\" \/>\n<meta property=\"article:modified_time\" content=\"2024-06-03T06:26:25+00:00\" \/>\n<meta name=\"twitter:card\" content=\"summary_large_image\" \/>\n<meta name=\"twitter:label1\" content=\"Est. reading time\" \/>\n\t<meta name=\"twitter:data1\" content=\"1 minute\" \/>\n<script type=\"application\/ld+json\" class=\"yoast-schema-graph\">{\"@context\":\"https:\/\/schema.org\",\"@graph\":[{\"@type\":\"WebPage\",\"@id\":\"https:\/\/salonfunerairelongueuil.com\/en\/packages\/\",\"url\":\"https:\/\/salonfunerairelongueuil.com\/en\/packages\/\",\"name\":\"Packages - SALON FUN\u00c9RAIRE LAJEUNESSE FORTIN CENAC\",\"isPartOf\":{\"@id\":\"https:\/\/salonfunerairelongueuil.com\/en\/#website\"},\"datePublished\":\"2016-12-08T12:28:12+00:00\",\"dateModified\":\"2024-06-03T06:26:25+00:00\",\"breadcrumb\":{\"@id\":\"https:\/\/salonfunerairelongueuil.com\/en\/packages\/#breadcrumb\"},\"inLanguage\":\"en-US\",\"potentialAction\":[{\"@type\":\"ReadAction\",\"target\":[\"https:\/\/salonfunerairelongueuil.com\/en\/packages\/\"]}]},{\"@type\":\"BreadcrumbList\",\"@id\":\"https:\/\/salonfunerairelongueuil.com\/en\/packages\/#breadcrumb\",\"itemListElement\":[{\"@type\":\"ListItem\",\"position\":1,\"name\":\"Accueil\",\"item\":\"https:\/\/salonfunerairelongueuil.com\/en\/\"},{\"@type\":\"ListItem\",\"position\":2,\"name\":\"Packages\"}]},{\"@type\":\"WebSite\",\"@id\":\"https:\/\/salonfunerairelongueuil.com\/en\/#website\",\"url\":\"https:\/\/salonfunerairelongueuil.com\/en\/\",\"name\":\"SALON FUN\u00c9RAIRE LAJEUNESSE FORTIN CENAC\",\"description\":\"\",\"potentialAction\":[{\"@type\":\"SearchAction\",\"target\":{\"@type\":\"EntryPoint\",\"urlTemplate\":\"https:\/\/salonfunerairelongueuil.com\/en\/?s={search_term_string}\"},\"query-input\":{\"@type\":\"PropertyValueSpecification\",\"valueRequired\":true,\"valueName\":\"search_term_string\"}}],\"inLanguage\":\"en-US\"}]}<\/script>\n<!-- \/ Yoast SEO plugin. -->","yoast_head_json":{"title":"Packages - SALON FUN\u00c9RAIRE LAJEUNESSE FORTIN CENAC","robots":{"index":"index","follow":"follow","max-snippet":"max-snippet:-1","max-image-preview":"max-image-preview:large","max-video-preview":"max-video-preview:-1"},"canonical":"https:\/\/salonfunerairelongueuil.com\/en\/packages\/","og_locale":"en_US","og_type":"article","og_title":"Packages - SALON FUN\u00c9RAIRE LAJEUNESSE FORTIN CENAC","og_description":"Services fun\u00e9raires aux meilleurs prix sans frais cach\u00e9. Incin\u00e9ration imm\u00e9diate (cr\u00e9mation) 865 $\u00a0+ taxes Transport du d\u00e9funt(e) (50 km), incin\u00e9ration (cr\u00e9mation), contenant de cr\u00e9mation, urne de base, preuve de d\u00e9c\u00e8s, documents administratifs, remise des cendres \u00e0 la famille. Contact Us Direction de fun\u00e9railles, \u00e0 l&#8217;\u00e9glise de votre choix en pr\u00e9sence des cendres 1 175 $\u00a0+ [&hellip;]","og_url":"https:\/\/salonfunerairelongueuil.com\/en\/packages\/","og_site_name":"SALON FUN\u00c9RAIRE LAJEUNESSE FORTIN CENAC","article_modified_time":"2024-06-03T06:26:25+00:00","twitter_card":"summary_large_image","twitter_misc":{"Est. reading time":"1 minute"},"schema":{"@context":"https:\/\/schema.org","@graph":[{"@type":"WebPage","@id":"https:\/\/salonfunerairelongueuil.com\/en\/packages\/","url":"https:\/\/salonfunerairelongueuil.com\/en\/packages\/","name":"Packages - SALON FUN\u00c9RAIRE LAJEUNESSE FORTIN CENAC","isPartOf":{"@id":"https:\/\/salonfunerairelongueuil.com\/en\/#website"},"datePublished":"2016-12-08T12:28:12+00:00","dateModified":"2024-06-03T06:26:25+00:00","breadcrumb":{"@id":"https:\/\/salonfunerairelongueuil.com\/en\/packages\/#breadcrumb"},"inLanguage":"en-US","potentialAction":[{"@type":"ReadAction","target":["https:\/\/salonfunerairelongueuil.com\/en\/packages\/"]}]},{"@type":"BreadcrumbList","@id":"https:\/\/salonfunerairelongueuil.com\/en\/packages\/#breadcrumb","itemListElement":[{"@type":"ListItem","position":1,"name":"Accueil","item":"https:\/\/salonfunerairelongueuil.com\/en\/"},{"@type":"ListItem","position":2,"name":"Packages"}]},{"@type":"WebSite","@id":"https:\/\/salonfunerairelongueuil.com\/en\/#website","url":"https:\/\/salonfunerairelongueuil.com\/en\/","name":"SALON FUN\u00c9RAIRE LAJEUNESSE FORTIN CENAC","description":"","potentialAction":[{"@type":"SearchAction","target":{"@type":"EntryPoint","urlTemplate":"https:\/\/salonfunerairelongueuil.com\/en\/?s={search_term_string}"},"query-input":{"@type":"PropertyValueSpecification","valueRequired":true,"valueName":"search_term_string"}}],"inLanguage":"en-US"}]}},"_links":{"self":[{"href":"https:\/\/salonfunerairelongueuil.com\/en\/wp-json\/wp\/v2\/pages\/191","targetHints":{"allow":["GET"]}}],"collection":[{"href":"https:\/\/salonfunerairelongueuil.com\/en\/wp-json\/wp\/v2\/pages"}],"about":[{"href":"https:\/\/salonfunerairelongueuil.com\/en\/wp-json\/wp\/v2\/types\/page"}],"author":[{"embeddable":true,"href":"https:\/\/salonfunerairelongueuil.com\/en\/wp-json\/wp\/v2\/users\/10"}],"replies":[{"embeddable":true,"href":"https:\/\/salonfunerairelongueuil.com\/en\/wp-json\/wp\/v2\/comments?post=191"}],"version-history":[{"count":0,"href":"https:\/\/salonfunerairelongueuil.com\/en\/wp-json\/wp\/v2\/pages\/191\/revisions"}],"wp:attachment":[{"href":"https:\/\/salonfunerairelongueuil.com\/en\/wp-json\/wp\/v2\/media?parent=191"}],"curies":[{"name":"wp","href":"https:\/\/api.w.org\/{rel}","templated":true}]}}