
{"id":205,"date":"2016-12-08T12:34:44","date_gmt":"2016-12-08T12:34:44","guid":{"rendered":"https:\/\/salonfunerairelongueuil.com\/?page_id=205"},"modified":"2024-05-21T10:03:35","modified_gmt":"2024-05-21T10:03:35","slug":"liens-utilis","status":"publish","type":"page","link":"https:\/\/salonfunerairelongueuil.com\/en\/liens-utilis\/","title":{"rendered":"Useful Links"},"content":{"rendered":"<p><span id=\"result_box\" class=\"short_text\" lang=\"en\"><span class=\"\">Director of Civil Status<\/span><\/span> \u00a0\u00a0\u00a0\u00a0\u00a0\u00a0 \u00a0\u00a0\u00a0\u00a0\u00a0\u00a0\u00a0\u00a0 \u00a0 \u00a0 \u00a0 \u00a0 \u00a0 \u00a0 \u00a0 \u00a0 \u00a0 \u00a0 \u00a0 \u00a0\u00a0 \u00a0\u00a0\u00a0\u00a0\u00a0\u00a0 \u00a0 <a href=\"https:\/\/www.etatcivil.gouv.qc.ca\">www.etatcivil.gouv.qc.ca<\/a><\/p>\n<p>Coroner (investigation)\u00a0\u00a0\u00a0\u00a0 \u00a0\u00a0\u00a0\u00a0\u00a0\u00a0\u00a0\u00a0\u00a0\u00a0\u00a0 \u00a0 \u00a0 \u00a0 \u00a0 \u00a0 \u00a0 \u00a0\u00a0 \u00a0 \u00a0 \u00a0\u00a0 \u00a0\u00a0 \u00a0\u00a0\u00a0 \u00a0\u00a0 \u00a0 <a href=\"https:\/\/www.coroner.gouv.qc.ca\">www.coroner.gouv.qc.ca<\/a><\/p>\n<p>Barreau du Qu\u00e9bec\u00a0\u00a0\u00a0\u00a0\u00a0\u00a0\u00a0\u00a0\u00a0\u00a0 \u00a0\u00a0\u00a0\u00a0\u00a0\u00a0\u00a0\u00a0\u00a0\u00a0\u00a0\u00a0\u00a0\u00a0 \u00a0 \u00a0 \u00a0 \u00a0 \u00a0 \u00a0 \u00a0 \u00a0 \u00a0 \u00a0\u00a0\u00a0 \u00a0 \u00a0 \u00a0\u00a0 \u00a0\u00a0 <a href=\"https:\/\/www.barreau.qc.ca\">www.barreau.qc.ca<\/a><\/p>\n<p>Chambre des notaires\u00a0\u00a0\u00a0\u00a0\u00a0\u00a0\u00a0 \u00a0\u00a0\u00a0\u00a0\u00a0\u00a0\u00a0\u00a0\u00a0\u00a0 \u00a0 \u00a0 \u00a0 \u00a0 \u00a0 \u00a0 \u00a0 \u00a0 \u00a0 \u00a0 \u00a0 \u00a0 \u00a0\u00a0 \u00a0 \u00a0\u00a0 \u00a0 <a href=\"https:\/\/www.cnq.org\">www.cnq.org<\/a><\/p>\n<p><span id=\"result_box\" class=\"short_text\" lang=\"en\"><span class=\"\">Life insurance<\/span><\/span> \u00a0\u00a0\u00a0\u00a0\u00a0\u00a0\u00a0\u00a0\u00a0\u00a0\u00a0\u00a0 \u00a0\u00a0\u00a0\u00a0\u00a0\u00a0\u00a0\u00a0\u00a0\u00a0\u00a0\u00a0\u00a0\u00a0\u00a0\u00a0\u00a0\u00a0\u00a0\u00a0 \u00a0 \u00a0 \u00a0 \u00a0 \u00a0 \u00a0 \u00a0 \u00a0 \u00a0 \u00a0 \u00a0 \u00a0\u00a0 \u00a0\u00a0 \u00a0 \u00a0 <a href=\"https:\/\/www.olhi.ca\">www.olhi.ca<\/a><\/p>\n<p>R\u00e9gie du logement\u00a0\u00a0\u00a0\u00a0\u00a0\u00a0\u00a0\u00a0\u00a0\u00a0 \u00a0\u00a0\u00a0\u00a0\u00a0\u00a0\u00a0\u00a0\u00a0\u00a0\u00a0\u00a0\u00a0\u00a0\u00a0 \u00a0 \u00a0 \u00a0\u00a0 \u00a0 \u00a0 \u00a0 \u00a0 \u00a0 \u00a0 \u00a0 \u00a0 \u00a0 \u00a0\u00a0 \u00a0 \u00a0 <a href=\"https:\/\/www.rdl.gouv.qc.ca\">www.rdl.gouv.qc.ca<\/a><\/p>\n<p>R\u00e9gie des rentes du Qu\u00e9bec\u00a0 \u00a0\u00a0\u00a0\u00a0\u00a0\u00a0\u00a0\u00a0\u00a0\u00a0\u00a0\u00a0\u00a0\u00a0\u00a0\u00a0\u00a0\u00a0 \u00a0 \u00a0 \u00a0 \u00a0 \u00a0 \u00a0 \u00a0\u00a0 \u00a0\u00a0 \u00a0 \u00a0 <a href=\"https:\/\/www.retraitequebec.gouv.qc.ca\">www.retraitequebec.gouv.qc.ca<\/a><\/p>\n<p>Soci\u00e9t\u00e9 de l&#8217;assurance automobile du Qu\u00e9bec\u00a0\u00a0\u00a0\u00a0\u00a0 \u00a0 \u00a0\u00a0 <a href=\"https:\/\/www.saaq.gouv.qc.ca\">www.saaq.gouv.qc.ca<\/a><\/p>\n<p>Social assistance and social solidarity programs \u00a0\u00a0 \u00a0 <a href=\"https:\/\/www.mess.gouv.qc.ca\">www.mess.gouv.qc.ca<\/a><\/p>\n<h1 class=\"csc-firstHeader\"><\/h1>\n","protected":false},"excerpt":{"rendered":"<p>Director of Civil Status \u00a0\u00a0\u00a0\u00a0\u00a0\u00a0 \u00a0\u00a0\u00a0\u00a0\u00a0\u00a0\u00a0\u00a0 \u00a0 \u00a0 \u00a0 \u00a0 \u00a0 \u00a0 \u00a0 \u00a0 \u00a0 \u00a0 \u00a0 \u00a0\u00a0 \u00a0\u00a0\u00a0\u00a0\u00a0\u00a0 \u00a0 www.etatcivil.gouv.qc.ca Coroner (investigation)\u00a0\u00a0\u00a0\u00a0 \u00a0\u00a0\u00a0\u00a0\u00a0\u00a0\u00a0\u00a0\u00a0\u00a0\u00a0 \u00a0 \u00a0 \u00a0 \u00a0 \u00a0 \u00a0 \u00a0\u00a0 \u00a0 \u00a0 \u00a0\u00a0 \u00a0\u00a0 \u00a0\u00a0\u00a0 \u00a0\u00a0 \u00a0 www.coroner.gouv.qc.ca Barreau du Qu\u00e9bec\u00a0\u00a0\u00a0\u00a0\u00a0\u00a0\u00a0\u00a0\u00a0\u00a0 \u00a0\u00a0\u00a0\u00a0\u00a0\u00a0\u00a0\u00a0\u00a0\u00a0\u00a0\u00a0\u00a0\u00a0 \u00a0 \u00a0 \u00a0 \u00a0 \u00a0 \u00a0 \u00a0 \u00a0 \u00a0 \u00a0\u00a0\u00a0 \u00a0 \u00a0 [&hellip;]<\/p>\n","protected":false},"author":6,"featured_media":138,"parent":0,"menu_order":0,"comment_status":"closed","ping_status":"closed","template":"donation_template.php","meta":{"_acf_changed":false,"footnotes":""},"class_list":["post-205","page","type-page","status-publish","has-post-thumbnail","hentry"],"acf":[],"yoast_head":"<!-- This site is optimized with the Yoast SEO plugin v25.6 - https:\/\/yoast.com\/wordpress\/plugins\/seo\/ -->\n<title>Useful Links - SALON FUN\u00c9RAIRE LAJEUNESSE FORTIN CENAC<\/title>\n<meta name=\"robots\" content=\"index, follow, max-snippet:-1, max-image-preview:large, max-video-preview:-1\" \/>\n<link rel=\"canonical\" href=\"https:\/\/salonfunerairelongueuil.com\/en\/liens-utilis\/\" \/>\n<meta property=\"og:locale\" content=\"en_US\" \/>\n<meta property=\"og:type\" content=\"article\" \/>\n<meta property=\"og:title\" content=\"Useful Links - SALON FUN\u00c9RAIRE LAJEUNESSE FORTIN CENAC\" \/>\n<meta property=\"og:description\" content=\"Director of Civil Status \u00a0\u00a0\u00a0\u00a0\u00a0\u00a0 \u00a0\u00a0\u00a0\u00a0\u00a0\u00a0\u00a0\u00a0 \u00a0 \u00a0 \u00a0 \u00a0 \u00a0 \u00a0 \u00a0 \u00a0 \u00a0 \u00a0 \u00a0 \u00a0\u00a0 \u00a0\u00a0\u00a0\u00a0\u00a0\u00a0 \u00a0 www.etatcivil.gouv.qc.ca Coroner (investigation)\u00a0\u00a0\u00a0\u00a0 \u00a0\u00a0\u00a0\u00a0\u00a0\u00a0\u00a0\u00a0\u00a0\u00a0\u00a0 \u00a0 \u00a0 \u00a0 \u00a0 \u00a0 \u00a0 \u00a0\u00a0 \u00a0 \u00a0 \u00a0\u00a0 \u00a0\u00a0 \u00a0\u00a0\u00a0 \u00a0\u00a0 \u00a0 www.coroner.gouv.qc.ca Barreau du Qu\u00e9bec\u00a0\u00a0\u00a0\u00a0\u00a0\u00a0\u00a0\u00a0\u00a0\u00a0 \u00a0\u00a0\u00a0\u00a0\u00a0\u00a0\u00a0\u00a0\u00a0\u00a0\u00a0\u00a0\u00a0\u00a0 \u00a0 \u00a0 \u00a0 \u00a0 \u00a0 \u00a0 \u00a0 \u00a0 \u00a0 \u00a0\u00a0\u00a0 \u00a0 \u00a0 [&hellip;]\" \/>\n<meta property=\"og:url\" content=\"https:\/\/salonfunerairelongueuil.com\/en\/liens-utilis\/\" \/>\n<meta property=\"og:site_name\" content=\"SALON FUN\u00c9RAIRE LAJEUNESSE FORTIN CENAC\" \/>\n<meta property=\"article:modified_time\" content=\"2024-05-21T10:03:35+00:00\" \/>\n<meta property=\"og:image\" content=\"https:\/\/salonfunerairelongueuil.com\/wp-content\/uploads\/2016\/12\/about-img.jpg\" \/>\n\t<meta property=\"og:image:width\" content=\"1280\" \/>\n\t<meta property=\"og:image:height\" content=\"850\" \/>\n\t<meta property=\"og:image:type\" content=\"image\/jpeg\" \/>\n<meta name=\"twitter:card\" content=\"summary_large_image\" \/>\n<script type=\"application\/ld+json\" class=\"yoast-schema-graph\">{\"@context\":\"https:\/\/schema.org\",\"@graph\":[{\"@type\":\"WebPage\",\"@id\":\"https:\/\/salonfunerairelongueuil.com\/en\/liens-utilis\/\",\"url\":\"https:\/\/salonfunerairelongueuil.com\/en\/liens-utilis\/\",\"name\":\"Useful Links - SALON FUN\u00c9RAIRE LAJEUNESSE FORTIN CENAC\",\"isPartOf\":{\"@id\":\"https:\/\/salonfunerairelongueuil.com\/en\/#website\"},\"primaryImageOfPage\":{\"@id\":\"https:\/\/salonfunerairelongueuil.com\/en\/liens-utilis\/#primaryimage\"},\"image\":{\"@id\":\"https:\/\/salonfunerairelongueuil.com\/en\/liens-utilis\/#primaryimage\"},\"thumbnailUrl\":\"https:\/\/salonfunerairelongueuil.com\/wp-content\/uploads\/2016\/12\/about-img.jpg\",\"datePublished\":\"2016-12-08T12:34:44+00:00\",\"dateModified\":\"2024-05-21T10:03:35+00:00\",\"breadcrumb\":{\"@id\":\"https:\/\/salonfunerairelongueuil.com\/en\/liens-utilis\/#breadcrumb\"},\"inLanguage\":\"en-US\",\"potentialAction\":[{\"@type\":\"ReadAction\",\"target\":[\"https:\/\/salonfunerairelongueuil.com\/en\/liens-utilis\/\"]}]},{\"@type\":\"ImageObject\",\"inLanguage\":\"en-US\",\"@id\":\"https:\/\/salonfunerairelongueuil.com\/en\/liens-utilis\/#primaryimage\",\"url\":\"https:\/\/salonfunerairelongueuil.com\/wp-content\/uploads\/2016\/12\/about-img.jpg\",\"contentUrl\":\"https:\/\/salonfunerairelongueuil.com\/wp-content\/uploads\/2016\/12\/about-img.jpg\",\"width\":1280,\"height\":850},{\"@type\":\"BreadcrumbList\",\"@id\":\"https:\/\/salonfunerairelongueuil.com\/en\/liens-utilis\/#breadcrumb\",\"itemListElement\":[{\"@type\":\"ListItem\",\"position\":1,\"name\":\"Accueil\",\"item\":\"https:\/\/salonfunerairelongueuil.com\/en\/\"},{\"@type\":\"ListItem\",\"position\":2,\"name\":\"Useful Links\"}]},{\"@type\":\"WebSite\",\"@id\":\"https:\/\/salonfunerairelongueuil.com\/en\/#website\",\"url\":\"https:\/\/salonfunerairelongueuil.com\/en\/\",\"name\":\"SALON FUN\u00c9RAIRE LAJEUNESSE FORTIN CENAC\",\"description\":\"\",\"potentialAction\":[{\"@type\":\"SearchAction\",\"target\":{\"@type\":\"EntryPoint\",\"urlTemplate\":\"https:\/\/salonfunerairelongueuil.com\/en\/?s={search_term_string}\"},\"query-input\":{\"@type\":\"PropertyValueSpecification\",\"valueRequired\":true,\"valueName\":\"search_term_string\"}}],\"inLanguage\":\"en-US\"}]}<\/script>\n<!-- \/ Yoast SEO plugin. -->","yoast_head_json":{"title":"Useful Links - SALON FUN\u00c9RAIRE LAJEUNESSE FORTIN CENAC","robots":{"index":"index","follow":"follow","max-snippet":"max-snippet:-1","max-image-preview":"max-image-preview:large","max-video-preview":"max-video-preview:-1"},"canonical":"https:\/\/salonfunerairelongueuil.com\/en\/liens-utilis\/","og_locale":"en_US","og_type":"article","og_title":"Useful Links - SALON FUN\u00c9RAIRE LAJEUNESSE FORTIN CENAC","og_description":"Director of Civil Status \u00a0\u00a0\u00a0\u00a0\u00a0\u00a0 \u00a0\u00a0\u00a0\u00a0\u00a0\u00a0\u00a0\u00a0 \u00a0 \u00a0 \u00a0 \u00a0 \u00a0 \u00a0 \u00a0 \u00a0 \u00a0 \u00a0 \u00a0 \u00a0\u00a0 \u00a0\u00a0\u00a0\u00a0\u00a0\u00a0 \u00a0 www.etatcivil.gouv.qc.ca Coroner (investigation)\u00a0\u00a0\u00a0\u00a0 \u00a0\u00a0\u00a0\u00a0\u00a0\u00a0\u00a0\u00a0\u00a0\u00a0\u00a0 \u00a0 \u00a0 \u00a0 \u00a0 \u00a0 \u00a0 \u00a0\u00a0 \u00a0 \u00a0 \u00a0\u00a0 \u00a0\u00a0 \u00a0\u00a0\u00a0 \u00a0\u00a0 \u00a0 www.coroner.gouv.qc.ca Barreau du Qu\u00e9bec\u00a0\u00a0\u00a0\u00a0\u00a0\u00a0\u00a0\u00a0\u00a0\u00a0 \u00a0\u00a0\u00a0\u00a0\u00a0\u00a0\u00a0\u00a0\u00a0\u00a0\u00a0\u00a0\u00a0\u00a0 \u00a0 \u00a0 \u00a0 \u00a0 \u00a0 \u00a0 \u00a0 \u00a0 \u00a0 \u00a0\u00a0\u00a0 \u00a0 \u00a0 [&hellip;]","og_url":"https:\/\/salonfunerairelongueuil.com\/en\/liens-utilis\/","og_site_name":"SALON FUN\u00c9RAIRE LAJEUNESSE FORTIN CENAC","article_modified_time":"2024-05-21T10:03:35+00:00","og_image":[{"width":1280,"height":850,"url":"https:\/\/salonfunerairelongueuil.com\/wp-content\/uploads\/2016\/12\/about-img.jpg","type":"image\/jpeg"}],"twitter_card":"summary_large_image","schema":{"@context":"https:\/\/schema.org","@graph":[{"@type":"WebPage","@id":"https:\/\/salonfunerairelongueuil.com\/en\/liens-utilis\/","url":"https:\/\/salonfunerairelongueuil.com\/en\/liens-utilis\/","name":"Useful Links - SALON FUN\u00c9RAIRE LAJEUNESSE FORTIN CENAC","isPartOf":{"@id":"https:\/\/salonfunerairelongueuil.com\/en\/#website"},"primaryImageOfPage":{"@id":"https:\/\/salonfunerairelongueuil.com\/en\/liens-utilis\/#primaryimage"},"image":{"@id":"https:\/\/salonfunerairelongueuil.com\/en\/liens-utilis\/#primaryimage"},"thumbnailUrl":"https:\/\/salonfunerairelongueuil.com\/wp-content\/uploads\/2016\/12\/about-img.jpg","datePublished":"2016-12-08T12:34:44+00:00","dateModified":"2024-05-21T10:03:35+00:00","breadcrumb":{"@id":"https:\/\/salonfunerairelongueuil.com\/en\/liens-utilis\/#breadcrumb"},"inLanguage":"en-US","potentialAction":[{"@type":"ReadAction","target":["https:\/\/salonfunerairelongueuil.com\/en\/liens-utilis\/"]}]},{"@type":"ImageObject","inLanguage":"en-US","@id":"https:\/\/salonfunerairelongueuil.com\/en\/liens-utilis\/#primaryimage","url":"https:\/\/salonfunerairelongueuil.com\/wp-content\/uploads\/2016\/12\/about-img.jpg","contentUrl":"https:\/\/salonfunerairelongueuil.com\/wp-content\/uploads\/2016\/12\/about-img.jpg","width":1280,"height":850},{"@type":"BreadcrumbList","@id":"https:\/\/salonfunerairelongueuil.com\/en\/liens-utilis\/#breadcrumb","itemListElement":[{"@type":"ListItem","position":1,"name":"Accueil","item":"https:\/\/salonfunerairelongueuil.com\/en\/"},{"@type":"ListItem","position":2,"name":"Useful Links"}]},{"@type":"WebSite","@id":"https:\/\/salonfunerairelongueuil.com\/en\/#website","url":"https:\/\/salonfunerairelongueuil.com\/en\/","name":"SALON FUN\u00c9RAIRE LAJEUNESSE FORTIN CENAC","description":"","potentialAction":[{"@type":"SearchAction","target":{"@type":"EntryPoint","urlTemplate":"https:\/\/salonfunerairelongueuil.com\/en\/?s={search_term_string}"},"query-input":{"@type":"PropertyValueSpecification","valueRequired":true,"valueName":"search_term_string"}}],"inLanguage":"en-US"}]}},"_links":{"self":[{"href":"https:\/\/salonfunerairelongueuil.com\/en\/wp-json\/wp\/v2\/pages\/205","targetHints":{"allow":["GET"]}}],"collection":[{"href":"https:\/\/salonfunerairelongueuil.com\/en\/wp-json\/wp\/v2\/pages"}],"about":[{"href":"https:\/\/salonfunerairelongueuil.com\/en\/wp-json\/wp\/v2\/types\/page"}],"author":[{"embeddable":true,"href":"https:\/\/salonfunerairelongueuil.com\/en\/wp-json\/wp\/v2\/users\/6"}],"replies":[{"embeddable":true,"href":"https:\/\/salonfunerairelongueuil.com\/en\/wp-json\/wp\/v2\/comments?post=205"}],"version-history":[{"count":0,"href":"https:\/\/salonfunerairelongueuil.com\/en\/wp-json\/wp\/v2\/pages\/205\/revisions"}],"wp:featuredmedia":[{"embeddable":true,"href":"https:\/\/salonfunerairelongueuil.com\/en\/wp-json\/wp\/v2\/media\/138"}],"wp:attachment":[{"href":"https:\/\/salonfunerairelongueuil.com\/en\/wp-json\/wp\/v2\/media?parent=205"}],"curies":[{"name":"wp","href":"https:\/\/api.w.org\/{rel}","templated":true}]}}